{"id":877,"date":"2021-10-13T18:39:49","date_gmt":"2021-10-13T18:39:49","guid":{"rendered":"http:\/\/sysred.com\/?page_id=877"},"modified":"2021-10-13T18:39:51","modified_gmt":"2021-10-13T18:39:51","slug":"politica-de-privacidad","status":"publish","type":"page","link":"https:\/\/sysred.com\/?page_id=877","title":{"rendered":"POL\u00cdTICA DE PRIVACIDAD"},"content":{"rendered":"\n<p><strong>PROTECCI\u00d3N DE DATOS DE CAR\u00c1CTER PERSONAL Y SEGURIDAD DE LA INFORMACI\u00d3N<\/strong>&nbsp;<\/p>\n\n\n\n<p><strong>MARCOS NORMATIVOS<\/strong>&nbsp;<\/p>\n\n\n\n<p><strong>SysRed-Consultor\u00eda y Desarrollos S.L.<\/strong>&nbsp;(<strong>SysRed-Consultor\u00eda y Desarrollos S.L.<\/strong>&nbsp;en adelante)&nbsp;se rige en materia de protecci\u00f3n de datos de car\u00e1cter personal y seguridad de la informaci\u00f3n, principalmente, por los siguientes marcos normativos y est\u00e1ndares:&nbsp;<\/p>\n\n\n\n<ul class=\"wp-block-list\"><li>Reglamento (UE) 2016\/679 del Parlamento Europeo y del Consejo, de 27 de abril de 2016, relativo a la protecci\u00f3n de las personas f\u00edsicas en lo que respecta al tratamiento de sus datos personales y a la libre circulaci\u00f3n de estos datos (RGPD en adelante).&nbsp;<\/li><li>Ley Org\u00e1nica 3\/2018 de 5 de diciembre, de Protecci\u00f3n de Datos de Car\u00e1cter Personal y garant\u00eda de los derechos digitales (LOPDGDD en adelante).&nbsp;<\/li><li>Norma ISO\/IEC 27001:2013 y complementarias ISO\/IEC 27xxx (ISO27 en adelante).&nbsp;<\/li><\/ul>\n\n\n\n<ul class=\"wp-block-list\"><li>Desarrollos reglamentarios, instrucciones, directivas, normas y est\u00e1ndares vigentes en cada momento sobre protecci\u00f3n de datos de car\u00e1cter personal y seguridad de la informaci\u00f3n.&nbsp;<\/li><\/ul>\n\n\n\n<p>En base a los requerimientos de RGPD y LOPDGDD&nbsp;e ISO27 referencian las medidas t\u00e9cnicas y organizativas apropiadas que&nbsp;<strong>SysRed-Consultor\u00eda y Desarrollos S.L.<\/strong>&nbsp;implementa para mantener la confidencialidad, integridad, disponibilidad y resiliencia de los servicios corporativos y las informaciones que gestionan, incluyendo los tratamientos de datos de car\u00e1cter personal implicados.&nbsp;<\/p>\n\n\n\n<p><strong>PROTECCI\u00d3N DE DATOS DE CAR\u00c1CTER PERSONAL \u2013&nbsp;RGPD- LOPDGDD<\/strong>&nbsp;<\/p>\n\n\n\n<p><strong>DEBER DE INFORMACI\u00d3N<\/strong>&nbsp;<\/p>\n\n\n\n<p><strong>Responsable del Tratamiento<\/strong>&nbsp;<\/p>\n\n\n\n<p><strong>SysRed-Consultor\u00eda y Desarrollos S.L.<\/strong>&nbsp;&nbsp;&nbsp;&nbsp;&nbsp;&nbsp;&nbsp;&nbsp;&nbsp;&nbsp; NIF:&nbsp;B54124441&nbsp;&nbsp;<\/p>\n\n\n\n<p><strong>Domicilio<\/strong>&nbsp;<\/p>\n\n\n\n<p>Calle Gabriel Mir\u00f3, 3 03420 Castalla &#8211; Alicante&nbsp;<\/p>\n\n\n\n<p>Correo:&nbsp;<a href=\"mailto:info@metalortu.com\" target=\"_blank\" rel=\"noreferrer noopener\">info@sysred.com<\/a>&nbsp;&nbsp;&nbsp;&nbsp;&nbsp;&nbsp; Tel\u00e9fono:&nbsp;965687674&nbsp;<\/p>\n\n\n\n<p><strong>Finalidades<\/strong>&nbsp;<\/p>\n\n\n\n<p>Gesti\u00f3n de los servicios y actividades realizadas por&nbsp;<strong>SysRed-Consultor\u00eda y Desarrollos S.L.<\/strong>&nbsp;en el ejercicio de su modelo de negocio.&nbsp;<\/p>\n\n\n\n<p>No se toman decisiones automatizadas en base a perfiles.&nbsp;<\/p>\n\n\n\n<p><strong>Conservaci\u00f3n de los datos<\/strong>&nbsp;<\/p>\n\n\n\n<p>Sus datos ser\u00e1n conservados durante el periodo establecido por el tratamiento, la legislaci\u00f3n aplicable y los requerimientos aplicables a la conservaci\u00f3n de informaci\u00f3n por parte de la&nbsp;Empresa.&nbsp;<\/p>\n\n\n\n<p><strong>Legitimaci\u00f3n \/ Bases jur\u00eddicas&nbsp;aplicables<\/strong>&nbsp;<\/p>\n\n\n\n<p>Los diferentes procedimientos y actividades corporativas conllevan tratamientos basados en diferentes bases jur\u00eddicas enumeradas en el RGPD:&nbsp;<\/p>\n\n\n\n<ol class=\"wp-block-list\"><li>Consentimiento de la persona interesada, cuando se requiera.&nbsp;<\/li><\/ol>\n\n\n\n<ol class=\"wp-block-list\"><li>Relaci\u00f3n contractual&nbsp;o precontractual.&nbsp;<\/li><\/ol>\n\n\n\n<ol class=\"wp-block-list\"><li>Inter\u00e9s leg\u00edtimo del responsable de tratamiento.&nbsp;<\/li><\/ol>\n\n\n\n<p><strong>Destinatarios<\/strong>&nbsp;<\/p>\n\n\n\n<p>Sus datos podr\u00e1n ser comunicados a las entidades p\u00fablicas y\/o privadas competentes, intervinientes&nbsp;o necesarias para la&nbsp;gesti\u00f3n de los servicios corporativos, y en los supuestos previstos por la Ley.&nbsp;<\/p>\n\n\n\n<p><strong>Derechos<\/strong>&nbsp;<\/p>\n\n\n\n<p>Usted puede ejercer sus derechos de acceso, rectificaci\u00f3n, supresi\u00f3n, oposici\u00f3n, limitaci\u00f3n del tratamiento, portabilidad y (en su caso) retirada del consentimiento prestado. Asimismo, Vd. puede dirigirse a la Autoridad de Control para reclamar sus derechos.&nbsp;<\/p>\n\n\n\n<p>Para ejercer estos derechos, Vd. debe dirigir una solicitud&nbsp;a&nbsp;<strong>SysRed-Consultor\u00eda y Desarrollos S.L.<\/strong>,&nbsp;Calle Gabriel Mir\u00f3, 3 03420 Castalla &#8211; Alicante, indicando \u201cResponsable&nbsp;de Protecci\u00f3n de Datos\u201d.&nbsp;&nbsp;<\/p>\n\n\n\n<p>Esta solicitud puede realizarla mediante:&nbsp;<\/p>\n\n\n\n<ol class=\"wp-block-list\"><li>Correo ordinario.&nbsp;Recomendado (no obligatorio) correo certificado.&nbsp;<\/li><\/ol>\n\n\n\n<ol class=\"wp-block-list\"><li>Correo electr\u00f3nico dirigido a:&nbsp;<a href=\"mailto:info@metalortu.com\" target=\"_blank\" rel=\"noreferrer noopener\">info@sysred.com<\/a>&nbsp;&nbsp;<\/li><\/ol>\n\n\n\n<p>En todos los casos,&nbsp;<strong>SysRed-Consultor\u00eda y Desarrollos S.L.<\/strong>&nbsp;debe verificar su identidad como titular de los datos. Para esta verificaci\u00f3n, Vd.&nbsp;debe aportar:&nbsp;<\/p>\n\n\n\n<ul class=\"wp-block-list\"><li>Fotocopia de un documento acreditativo de su identidad (DNI, NIE, Pasaporte).&nbsp;<\/li><\/ul>\n\n\n\n<p><strong>Transferencias internacionales.<\/strong>&nbsp;<\/p>\n\n\n\n<p>No se realizan transferencias internacionales de datos. En casos puntuales donde fuera necesario, se solicitar\u00e1 la correspondiente autorizaci\u00f3n a la Autoridad de Control.&nbsp;<\/p>\n\n\n\n<p><strong>Autoridad de Control<\/strong>&nbsp;<\/p>\n\n\n\n<p>Las personas interesadas pueden ejercer las acciones que estimen oportunas ante la Agencia Espa\u00f1ola de Protecci\u00f3n de Datos, accediendo a su p\u00e1gina web:&nbsp;<a href=\"https:\/\/www.aepd.es\/es\" target=\"_blank\" rel=\"noreferrer noopener\">https:\/\/www.aepd.es\/es<\/a>&nbsp;&nbsp;<\/p>\n","protected":false},"excerpt":{"rendered":"<p>PROTECCI\u00d3N DE DATOS DE CAR\u00c1CTER PERSONAL Y SEGURIDAD DE LA INFORMACI\u00d3N&nbsp; MARCOS NORMATIVOS&nbsp; SysRed-Consultor\u00eda y Desarrollos S.L.&nbsp;(SysRed-Consultor\u00eda y Desarrollos S.L.&nbsp;en adelante)&nbsp;se rige en materia de protecci\u00f3n de datos [&hellip;]<\/p>\n","protected":false},"author":1,"featured_media":0,"parent":0,"menu_order":0,"comment_status":"closed","ping_status":"closed","template":"","meta":{"footnotes":""},"class_list":["post-877","page","type-page","status-publish","hentry"],"_links":{"self":[{"href":"https:\/\/sysred.com\/index.php?rest_route=\/wp\/v2\/pages\/877","targetHints":{"allow":["GET"]}}],"collection":[{"href":"https:\/\/sysred.com\/index.php?rest_route=\/wp\/v2\/pages"}],"about":[{"href":"https:\/\/sysred.com\/index.php?rest_route=\/wp\/v2\/types\/page"}],"author":[{"embeddable":true,"href":"https:\/\/sysred.com\/index.php?rest_route=\/wp\/v2\/users\/1"}],"replies":[{"embeddable":true,"href":"https:\/\/sysred.com\/index.php?rest_route=%2Fwp%2Fv2%2Fcomments&post=877"}],"version-history":[{"count":1,"href":"https:\/\/sysred.com\/index.php?rest_route=\/wp\/v2\/pages\/877\/revisions"}],"predecessor-version":[{"id":878,"href":"https:\/\/sysred.com\/index.php?rest_route=\/wp\/v2\/pages\/877\/revisions\/878"}],"wp:attachment":[{"href":"https:\/\/sysred.com\/index.php?rest_route=%2Fwp%2Fv2%2Fmedia&parent=877"}],"curies":[{"name":"wp","href":"https:\/\/api.w.org\/{rel}","templated":true}]}}