{"id":385,"date":"2017-08-10T19:18:21","date_gmt":"2017-08-10T19:18:21","guid":{"rendered":"http:\/\/sysred.com\/?page_id=385"},"modified":"2017-08-14T18:44:11","modified_gmt":"2017-08-14T18:44:11","slug":"centro-formacion","status":"publish","type":"page","link":"https:\/\/sysred.com\/?page_id=385","title":{"rendered":"Centro Formaci\u00f3n"},"content":{"rendered":"<div id=\"pl-385\"  class=\"panel-layout\" ><div id=\"pg-385-0\"  class=\"panel-grid panel-no-style\" ><div id=\"pgc-385-0-0\"  class=\"panel-grid-cell\" ><div id=\"panel-385-0-0-0\" class=\"so-panel widget widget_sow-editor panel-first-child panel-last-child\" data-index=\"0\" ><div\n\t\t\t\n\t\t\tclass=\"so-widget-sow-editor so-widget-sow-editor-base\"\n\t\t\t\n\t\t>\n<div class=\"siteorigin-widget-tinymce textwidget\">\n\t<p><img decoding=\"async\" class=\"alignleft\" src=\"http:\/\/sysred.com\/wp-content\/uploads\/2016\/05\/syspol\/20170728_133018-1024x768.jpg\" width=\"340\" height=\"255\" \/>En nuestras instalaciones, disponemos de aulas dispuestas para formaci\u00f3n, dotadas de medios y profesionales, en cada una de las materias formativas.<\/p>\n<p>Las necesidades de pr\u00e1cticas en los distintos m\u00f3dulos y programas realizados o implementados por <span style=\"color: #ff0000;\">SysRed<\/span>, requieren un calendario pr\u00e1ctico cuyo desarrollo puede serlo integramente en nuestras instalaciones.<\/p>\n<p>Los distintos campos que observamos en nuestra formaci\u00f3n van desde los relacionados con sistemas formativos comerciales o empresariales, administraci\u00f3n p\u00fablica, fuerzas y cuerpos de seguridad, protecci\u00f3n civil, movilidad urbana,...<\/p>\n<p>Tambi\u00e9n disponemos de un calendario continuo formativo para preparaci\u00f3n de oposiciones, especializaci\u00f3n y mejora de empleo, como<\/p>\n<p><strong>- Formaci\u00f3n T\u00e9cnico Policial<\/strong><br \/> \u00ba Polic\u00eda Comunitaria<br \/> \u00ba POP<br \/> <strong>- Oposiciones Fuerzas y cuerpos Seguridad<\/strong><br \/> \u00ba Polic\u00eda Local<br \/> \u00ba Cuerpo Nacional de Polic\u00eda<br \/>\u00ba Guardia Civil<br \/> <strong>- Formaci\u00f3n Espc\u00edfica Procedimental<\/strong><\/p>\n<p>Para nuestro centro de oposiciones, disponemos de mas informaci\u00f3n espec\u00edfica en nuestro sitio web <a href=\"http:\/\/sysfor.es\"><em>SysFor.es<\/em><\/a><\/p>\n<\/div>\n<\/div><\/div><\/div><\/div><\/div>","protected":false},"excerpt":{"rendered":"<p>En nuestras instalaciones, disponemos de aulas dispuestas para formaci\u00f3n, dotadas de medios y profesionales, en cada una de las materias formativas. Las necesidades de pr\u00e1cticas en los distintos [&hellip;]<\/p>\n","protected":false},"author":1,"featured_media":0,"parent":2,"menu_order":0,"comment_status":"closed","ping_status":"closed","template":"","meta":{"footnotes":""},"class_list":["post-385","page","type-page","status-publish","hentry"],"_links":{"self":[{"href":"https:\/\/sysred.com\/index.php?rest_route=\/wp\/v2\/pages\/385","targetHints":{"allow":["GET"]}}],"collection":[{"href":"https:\/\/sysred.com\/index.php?rest_route=\/wp\/v2\/pages"}],"about":[{"href":"https:\/\/sysred.com\/index.php?rest_route=\/wp\/v2\/types\/page"}],"author":[{"embeddable":true,"href":"https:\/\/sysred.com\/index.php?rest_route=\/wp\/v2\/users\/1"}],"replies":[{"embeddable":true,"href":"https:\/\/sysred.com\/index.php?rest_route=%2Fwp%2Fv2%2Fcomments&post=385"}],"version-history":[{"count":12,"href":"https:\/\/sysred.com\/index.php?rest_route=\/wp\/v2\/pages\/385\/revisions"}],"predecessor-version":[{"id":492,"href":"https:\/\/sysred.com\/index.php?rest_route=\/wp\/v2\/pages\/385\/revisions\/492"}],"up":[{"embeddable":true,"href":"https:\/\/sysred.com\/index.php?rest_route=\/wp\/v2\/pages\/2"}],"wp:attachment":[{"href":"https:\/\/sysred.com\/index.php?rest_route=%2Fwp%2Fv2%2Fmedia&parent=385"}],"curies":[{"name":"wp","href":"https:\/\/api.w.org\/{rel}","templated":true}]}}