{"id":346,"date":"2017-08-09T16:54:55","date_gmt":"2017-08-09T16:54:55","guid":{"rendered":"http:\/\/sysred.com\/?page_id=346"},"modified":"2017-08-24T18:47:20","modified_gmt":"2017-08-24T18:47:20","slug":"estudios-gis","status":"publish","type":"page","link":"https:\/\/sysred.com\/?page_id=346","title":{"rendered":"GIS\/SIG (Sistemas de Informaci\u00f3n Geogr\u00e1fica)"},"content":{"rendered":"<div id=\"pl-346\"  class=\"panel-layout\" ><div id=\"pg-346-0\"  class=\"panel-grid panel-no-style\" ><div id=\"pgc-346-0-0\"  class=\"panel-grid-cell\" ><div id=\"panel-346-0-0-0\" class=\"so-panel widget widget_black-studio-tinymce widget_black_studio_tinymce panel-first-child panel-last-child\" data-index=\"0\" ><div class=\"textwidget\"><p><img decoding=\"async\" class=\"alignleft\" src=\"http:\/\/sysred.com\/wp-content\/uploads\/2017\/08\/GIS-1024x616.jpg\" width=\"306\" height=\"184\" \/>Ofrecemos un conjunto de servicios y soluciones para el desarrollo de proyectos de car\u00e1cter geogr\u00e1fico y el <strong>an\u00e1lisis de sistemas territoriales<\/strong>.<\/p>\n<p>La espina dorsal de nuestros trabajos es la espacializaci\u00f3n de variables y factores integrantes del medio f\u00edsico, social y perceptual.<br \/> Realizamos<strong> estudios y consultor\u00edas<\/strong> en materia de <strong>planificaci\u00f3n territorial<\/strong>, y <strong>asesor\u00eda t\u00e9cnica<\/strong> en proyectos medioambientales.<br \/> Cartograf\u00eda, an\u00e1lisis espacial y estad\u00edstico derivado <strong>SIG <\/strong>(Sistemas de Informaci\u00f3n Geogr\u00e1fica) y Teledetecci\u00f3n, y en bases de datos geogr\u00e1ficas, nutridas tambi\u00e9n por nuestros propias soluciones. Disponemos de nuestro propio gabinete de ingenieros ge\u00f3grafos.<span id=\"transmark\" style=\"display: none; width: 0px; height: 0px;\"><\/span><\/p>\n<\/div><\/div><\/div><\/div><div id=\"pg-346-1\"  class=\"panel-grid panel-no-style\" ><div id=\"pgc-346-1-0\"  class=\"panel-grid-cell\" ><div id=\"panel-346-1-0-0\" class=\"so-panel widget widget_black-studio-tinymce widget_black_studio_tinymce panel-first-child panel-last-child\" data-index=\"1\" ><div class=\"textwidget\"><div id=\"cc-m-5989239684\" class=\"j-module n j-text \">\n<p><strong>Nuestros servicios est\u00e1n enfocados a:<\/strong><\/p>\n<ul>\n<li>Consultor\u00eda y asistencia t\u00e9cnica en proyectos de ordenaci\u00f3n territorial<\/li>\n<li>Sistemas de Informaci\u00f3n Geogr\u00e1fica (SIG)<\/li>\n<li>Informes de Sostenibilidad Ambiental<\/li>\n<li>Planes Generales de Ordenaci\u00f3n Urbana\u00a0<\/li>\n<li>Estudios de Impacto Ambiental<\/li>\n<li>Estudios de Integraci\u00f3n Paisaj\u00edstica<\/li>\n<li>Planes Rectores de Uso y Gesti\u00f3n de Espacios Naturales<\/li>\n<li>Planes de Ordenaci\u00f3n de Recursos Naturales<\/li>\n<li>Planes de Promoci\u00f3n Tur\u00edstica<\/li>\n<li>Informes sobre la afecci\u00f3n de un proyecto en un territorio concreto<\/li>\n<li>Gu\u00edas tur\u00edsticas y mapas excursionistas<\/li>\n<li>Trabajos cartogr\u00e1ficos personalizados y representaci\u00f3n geogr\u00e1fica<\/li>\n<li>Legislaci\u00f3n en materia territorial<\/li>\n<li>Tratamiento y gesti\u00f3n de datos estad\u00edsticos<\/li>\n<li>Geomarketing\u00a0<\/li>\n<li>Proyectos de infraestructuras<\/li>\n<\/ul>\n<\/div>\n<\/div><\/div><\/div><\/div><div id=\"pg-346-2\"  class=\"panel-grid panel-no-style\" ><div id=\"pgc-346-2-0\"  class=\"panel-grid-cell\" ><div id=\"panel-346-2-0-0\" class=\"so-panel widget widget_sow-slider panel-first-child panel-last-child\" data-index=\"2\" ><div\n\t\t\t\n\t\t\tclass=\"so-widget-sow-slider so-widget-sow-slider-default-6d39609536fd-346\"\n\t\t\t\n\t\t>\t\t\t\t<div class=\"sow-slider-base\" style=\"display: none\" tabindex=\"0\">\n\t\t\t\t\t<ul\n\t\t\t\t\tclass=\"sow-slider-images\"\n\t\t\t\t\tdata-settings=\"{&quot;pagination&quot;:true,&quot;speed&quot;:800,&quot;timeout&quot;:8000,&quot;paused&quot;:false,&quot;pause_on_hover&quot;:false,&quot;swipe&quot;:true,&quot;nav_always_show_desktop&quot;:&quot;&quot;,&quot;nav_always_show_mobile&quot;:&quot;&quot;,&quot;breakpoint&quot;:&quot;780px&quot;,&quot;unmute&quot;:false,&quot;anchor&quot;:null}\"\n\t\t\t\t\t\t\t\t\t\tdata-anchor-id=\"\"\n\t\t\t\t>\t\t<li class=\"sow-slider-image\" style=\"visibility: visible;\" >\n\t\t\t\t\t\t<div class=\"sow-slider-image-container\">\n\t\t\t\t<div class=\"sow-slider-image-wrapper\" style=\"max-width: 1376px\">\n\t\t\t\t\t\t\t\t\t\t<div class=\"sow-slider-image-foreground-wrapper\">\n\t\t\t\t\t\t<img decoding=\"async\" width=\"1376\" height=\"736\" src=\"https:\/\/sysred.com\/wp-content\/uploads\/POLIGONOS-DE-VORONOI.png\" class=\"sow-slider-foreground-image\" alt=\"\" style=\"\" srcset=\"https:\/\/sysred.com\/wp-content\/uploads\/POLIGONOS-DE-VORONOI.png 1376w, https:\/\/sysred.com\/wp-content\/uploads\/POLIGONOS-DE-VORONOI-300x160.png 300w, https:\/\/sysred.com\/wp-content\/uploads\/POLIGONOS-DE-VORONOI-768x411.png 768w, https:\/\/sysred.com\/wp-content\/uploads\/POLIGONOS-DE-VORONOI-1024x548.png 1024w\" sizes=\"(max-width: 1376px) 100vw, 1376px\" \/>\t\t\t\t\t<\/div>\n\t\t\t\t\t\t\t\t\t<\/div>\n\t\t\t<\/div>\n\t\t\t\t\t<\/li>\n\t\t\t\t<li class=\"sow-slider-image\" style=\"visibility: hidden;\" >\n\t\t\t\t\t\t<div class=\"sow-slider-image-container\">\n\t\t\t\t<div class=\"sow-slider-image-wrapper\" style=\"max-width: 1376px\">\n\t\t\t\t\t\t\t\t\t\t<div class=\"sow-slider-image-foreground-wrapper\">\n\t\t\t\t\t\t<img decoding=\"async\" width=\"1376\" height=\"736\" src=\"https:\/\/sysred.com\/wp-content\/uploads\/TRIANGULOS-DE-DELAUNAY-COLOR.png\" class=\"sow-slider-foreground-image\" alt=\"\" style=\"\" srcset=\"https:\/\/sysred.com\/wp-content\/uploads\/TRIANGULOS-DE-DELAUNAY-COLOR.png 1376w, https:\/\/sysred.com\/wp-content\/uploads\/TRIANGULOS-DE-DELAUNAY-COLOR-300x160.png 300w, https:\/\/sysred.com\/wp-content\/uploads\/TRIANGULOS-DE-DELAUNAY-COLOR-768x411.png 768w, https:\/\/sysred.com\/wp-content\/uploads\/TRIANGULOS-DE-DELAUNAY-COLOR-1024x548.png 1024w\" sizes=\"(max-width: 1376px) 100vw, 1376px\" \/>\t\t\t\t\t<\/div>\n\t\t\t\t\t\t\t\t\t<\/div>\n\t\t\t<\/div>\n\t\t\t\t\t<\/li>\n\t\t\t\t<li class=\"sow-slider-image\" style=\"visibility: hidden;\" >\n\t\t\t\t\t\t<div class=\"sow-slider-image-container\">\n\t\t\t\t<div class=\"sow-slider-image-wrapper\" style=\"max-width: 1376px\">\n\t\t\t\t\t\t\t\t\t\t<div class=\"sow-slider-image-foreground-wrapper\">\n\t\t\t\t\t\t<img decoding=\"async\" width=\"1376\" height=\"736\" src=\"https:\/\/sysred.com\/wp-content\/uploads\/TRIANGULACION-DE-DELAUNAY.png\" class=\"sow-slider-foreground-image\" alt=\"\" style=\"\" srcset=\"https:\/\/sysred.com\/wp-content\/uploads\/TRIANGULACION-DE-DELAUNAY.png 1376w, https:\/\/sysred.com\/wp-content\/uploads\/TRIANGULACION-DE-DELAUNAY-300x160.png 300w, https:\/\/sysred.com\/wp-content\/uploads\/TRIANGULACION-DE-DELAUNAY-768x411.png 768w, https:\/\/sysred.com\/wp-content\/uploads\/TRIANGULACION-DE-DELAUNAY-1024x548.png 1024w\" sizes=\"(max-width: 1376px) 100vw, 1376px\" \/>\t\t\t\t\t<\/div>\n\t\t\t\t\t\t\t\t\t<\/div>\n\t\t\t<\/div>\n\t\t\t\t\t<\/li>\n\t\t\t\t<li class=\"sow-slider-image\" style=\"visibility: hidden;\" >\n\t\t\t\t\t\t<div class=\"sow-slider-image-container\">\n\t\t\t\t<div class=\"sow-slider-image-wrapper\" style=\"max-width: 1376px\">\n\t\t\t\t\t\t\t\t\t\t<div class=\"sow-slider-image-foreground-wrapper\">\n\t\t\t\t\t\t<img decoding=\"async\" width=\"1376\" height=\"736\" src=\"https:\/\/sysred.com\/wp-content\/uploads\/BUFFER-QGIS.png\" class=\"sow-slider-foreground-image\" alt=\"\" style=\"\" srcset=\"https:\/\/sysred.com\/wp-content\/uploads\/BUFFER-QGIS.png 1376w, https:\/\/sysred.com\/wp-content\/uploads\/BUFFER-QGIS-300x160.png 300w, https:\/\/sysred.com\/wp-content\/uploads\/BUFFER-QGIS-768x411.png 768w, https:\/\/sysred.com\/wp-content\/uploads\/BUFFER-QGIS-1024x548.png 1024w\" sizes=\"(max-width: 1376px) 100vw, 1376px\" \/>\t\t\t\t\t<\/div>\n\t\t\t\t\t\t\t\t\t<\/div>\n\t\t\t<\/div>\n\t\t\t\t\t<\/li>\n\t\t\t\t<li class=\"sow-slider-image\" style=\"visibility: hidden;\" >\n\t\t\t\t\t\t<div class=\"sow-slider-image-container\">\n\t\t\t\t<div class=\"sow-slider-image-wrapper\" style=\"max-width: 1376px\">\n\t\t\t\t\t\t\t\t\t\t<div class=\"sow-slider-image-foreground-wrapper\">\n\t\t\t\t\t\t<img decoding=\"async\" width=\"1376\" height=\"736\" src=\"https:\/\/sysred.com\/wp-content\/uploads\/CENTROIDES.png\" class=\"sow-slider-foreground-image\" alt=\"\" style=\"\" srcset=\"https:\/\/sysred.com\/wp-content\/uploads\/CENTROIDES.png 1376w, https:\/\/sysred.com\/wp-content\/uploads\/CENTROIDES-300x160.png 300w, https:\/\/sysred.com\/wp-content\/uploads\/CENTROIDES-768x411.png 768w, https:\/\/sysred.com\/wp-content\/uploads\/CENTROIDES-1024x548.png 1024w\" sizes=\"(max-width: 1376px) 100vw, 1376px\" \/>\t\t\t\t\t<\/div>\n\t\t\t\t\t\t\t\t\t<\/div>\n\t\t\t<\/div>\n\t\t\t\t\t<\/li>\n\t\t\t\t<li class=\"sow-slider-image\" style=\"visibility: hidden;\" >\n\t\t\t\t\t\t<div class=\"sow-slider-image-container\">\n\t\t\t\t<div class=\"sow-slider-image-wrapper\" style=\"max-width: 1366px\">\n\t\t\t\t\t\t\t\t\t\t<div class=\"sow-slider-image-foreground-wrapper\">\n\t\t\t\t\t\t<img decoding=\"async\" width=\"1366\" height=\"728\" src=\"https:\/\/sysred.com\/wp-content\/uploads\/arcgis-analisis-de-redes.png\" class=\"sow-slider-foreground-image\" alt=\"\" style=\"\" srcset=\"https:\/\/sysred.com\/wp-content\/uploads\/arcgis-analisis-de-redes.png 1366w, https:\/\/sysred.com\/wp-content\/uploads\/arcgis-analisis-de-redes-300x160.png 300w, https:\/\/sysred.com\/wp-content\/uploads\/arcgis-analisis-de-redes-768x409.png 768w, https:\/\/sysred.com\/wp-content\/uploads\/arcgis-analisis-de-redes-1024x546.png 1024w\" sizes=\"(max-width: 1366px) 100vw, 1366px\" \/>\t\t\t\t\t<\/div>\n\t\t\t\t\t\t\t\t\t<\/div>\n\t\t\t<\/div>\n\t\t\t\t\t<\/li>\n\t\t<\/ul>\t\t\t\t<ol class=\"sow-slider-pagination\">\n\t\t\t\t\t\t\t\t\t\t\t<li><a href=\"#\" data-goto=\"0\" aria-label=\"mostrar diapositiva 1\"><\/a><\/li>\n\t\t\t\t\t\t\t\t\t\t\t<li><a href=\"#\" data-goto=\"1\" aria-label=\"mostrar diapositiva 2\"><\/a><\/li>\n\t\t\t\t\t\t\t\t\t\t\t<li><a href=\"#\" data-goto=\"2\" aria-label=\"mostrar diapositiva 3\"><\/a><\/li>\n\t\t\t\t\t\t\t\t\t\t\t<li><a href=\"#\" data-goto=\"3\" aria-label=\"mostrar diapositiva 4\"><\/a><\/li>\n\t\t\t\t\t\t\t\t\t\t\t<li><a href=\"#\" data-goto=\"4\" aria-label=\"mostrar diapositiva 5\"><\/a><\/li>\n\t\t\t\t\t\t\t\t\t\t\t<li><a href=\"#\" data-goto=\"5\" aria-label=\"mostrar diapositiva 6\"><\/a><\/li>\n\t\t\t\t\t\t\t\t\t<\/ol>\n\n\t\t\t\t<div class=\"sow-slide-nav sow-slide-nav-next\">\n\t\t\t\t\t<a href=\"#\" data-goto=\"next\" aria-label=\"diapositiva siguiente\" data-action=\"next\">\n\t\t\t\t\t\t<em class=\"sow-sld-icon-thin-right\"><\/em>\n\t\t\t\t\t<\/a>\n\t\t\t\t<\/div>\n\n\t\t\t\t<div class=\"sow-slide-nav sow-slide-nav-prev\">\n\t\t\t\t\t<a href=\"#\" data-goto=\"previous\" aria-label=\"diapositiva anterior\" data-action=\"prev\">\n\t\t\t\t\t\t<em class=\"sow-sld-icon-thin-left\"><\/em>\n\t\t\t\t\t<\/a>\n\t\t\t\t<\/div>\n\t\t\t\t<\/div><\/div><\/div><\/div><\/div><\/div>","protected":false},"excerpt":{"rendered":"<p>Ofrecemos un conjunto de servicios y soluciones para el desarrollo de proyectos de car\u00e1cter geogr\u00e1fico y el an\u00e1lisis de sistemas territoriales.La espina dorsal de nuestros trabajos es la [&hellip;]<\/p>\n","protected":false},"author":1,"featured_media":184,"parent":0,"menu_order":0,"comment_status":"closed","ping_status":"closed","template":"","meta":{"footnotes":""},"class_list":["post-346","page","type-page","status-publish","has-post-thumbnail","hentry"],"_links":{"self":[{"href":"https:\/\/sysred.com\/index.php?rest_route=\/wp\/v2\/pages\/346","targetHints":{"allow":["GET"]}}],"collection":[{"href":"https:\/\/sysred.com\/index.php?rest_route=\/wp\/v2\/pages"}],"about":[{"href":"https:\/\/sysred.com\/index.php?rest_route=\/wp\/v2\/types\/page"}],"author":[{"embeddable":true,"href":"https:\/\/sysred.com\/index.php?rest_route=\/wp\/v2\/users\/1"}],"replies":[{"embeddable":true,"href":"https:\/\/sysred.com\/index.php?rest_route=%2Fwp%2Fv2%2Fcomments&post=346"}],"version-history":[{"count":16,"href":"https:\/\/sysred.com\/index.php?rest_route=\/wp\/v2\/pages\/346\/revisions"}],"predecessor-version":[{"id":833,"href":"https:\/\/sysred.com\/index.php?rest_route=\/wp\/v2\/pages\/346\/revisions\/833"}],"wp:featuredmedia":[{"embeddable":true,"href":"https:\/\/sysred.com\/index.php?rest_route=\/wp\/v2\/media\/184"}],"wp:attachment":[{"href":"https:\/\/sysred.com\/index.php?rest_route=%2Fwp%2Fv2%2Fmedia&parent=346"}],"curies":[{"name":"wp","href":"https:\/\/api.w.org\/{rel}","templated":true}]}}