{"id":344,"date":"2017-08-09T16:53:37","date_gmt":"2017-08-09T16:53:37","guid":{"rendered":"http:\/\/sysred.com\/?page_id=344"},"modified":"2017-08-24T08:44:22","modified_gmt":"2017-08-24T08:44:22","slug":"asesoria-juridica","status":"publish","type":"page","link":"https:\/\/sysred.com\/?page_id=344","title":{"rendered":"Asesor\u00eda Jur\u00eddica"},"content":{"rendered":"<div id=\"pl-344\"  class=\"panel-layout\" ><div id=\"pg-344-0\"  class=\"panel-grid panel-no-style\" ><div id=\"pgc-344-0-0\"  class=\"panel-grid-cell\" ><div id=\"panel-344-0-0-0\" class=\"so-panel widget widget_sow-image panel-first-child panel-last-child\" data-index=\"0\" ><div\n\t\t\t\n\t\t\tclass=\"so-widget-sow-image so-widget-sow-image-default-dbf295114b96-344\"\n\t\t\t\n\t\t>\n\n<div class=\"sow-image-container\">\n\t\t<img decoding=\"async\" src=\"https:\/\/sysred.com\/wp-content\/uploads\/2017\/08\/Abogados.jpg\" width=\"960\" height=\"640\" srcset=\"https:\/\/sysred.com\/wp-content\/uploads\/2017\/08\/Abogados.jpg 960w, https:\/\/sysred.com\/wp-content\/uploads\/2017\/08\/Abogados-300x200.jpg 300w, https:\/\/sysred.com\/wp-content\/uploads\/2017\/08\/Abogados-768x512.jpg 768w, https:\/\/sysred.com\/wp-content\/uploads\/2017\/08\/Abogados-272x182.jpg 272w\" sizes=\"(max-width: 960px) 100vw, 960px\" title=\"Employees Office Men Suit Business Greeting Work\" alt=\"\" \t\tclass=\"so-widget-image\"\/>\n\t<\/div>\n\n<\/div><\/div><\/div><\/div><div id=\"pg-344-1\"  class=\"panel-grid panel-no-style\" ><div id=\"pgc-344-1-0\"  class=\"panel-grid-cell\" ><div id=\"panel-344-1-0-0\" class=\"so-panel widget widget_black-studio-tinymce widget_black_studio_tinymce panel-first-child panel-last-child\" data-index=\"1\" ><div class=\"textwidget\"><div style=\"text-align: center; border: 1px solid #C3C3C3; width: 300px; font-size: 100%; height: 300px; display: inline-block; vertical-align: top; margin-right: 30px; background-color: #fff; margin-left: 30px;\">\n<h3 style=\"font-size: 18px; font-weight: 400; margin-bottom: 15px; margin-top: 10px; color: #292e32; font-family: 'Roboto', sans-serif;\"> Derecho sucesorio<\/h3>\n<p style=\"color: #7e7e7e; font-weight: 300; padding-left: 20px; padding-right: 20px; margin-bottom: 30px;\">\n<div>\n<p>Declaraciones de herederos.<br \/>\nAceptaciones de herencias.<br \/>\nReclamaci\u00f3n de leg\u00edtimas.<br \/>\nTestamentos.<br \/>\nDivisi\u00f3n judicial de la herencia.<br \/>\nSolicitud de \u00faltimas voluntades.<\/p>\n<\/div>\n<\/div>\n<\/div><\/div><\/div><div id=\"pgc-344-1-1\"  class=\"panel-grid-cell\" ><div id=\"panel-344-1-1-0\" class=\"so-panel widget widget_black-studio-tinymce widget_black_studio_tinymce panel-first-child panel-last-child\" data-index=\"2\" ><div class=\"textwidget\"><div style=\"text-align: center; border: 1px solid #C3C3C3; width: 300px; font-size: 100%; height: 300px; display: inline-block; vertical-align: top; margin-right: 30px; background-color: #fff; margin-left: 30px;\">\n<h3 style=\"font-size: 18px; font-weight: 400; margin-bottom: 15px; margin-top: 10px; color: #292e32; font-family: 'Roboto', sans-serif;\"> Derecho laboral<\/h3>\n<p style=\"color: #7e7e7e; font-weight: 300; padding-left: 20px; padding-right: 20px; margin-bottom: 30px;\">\n<div>\n<p>Accidente laborales.<br \/>\nC.E.M.A.C.<br \/>\nDespidos.<br \/>\nPensiones de invalidez.<br \/>\nInspecciones.<br \/>\nJubilaciones y viudedades.<\/p>\n<\/div>\n<\/div>\n<\/div><\/div><\/div><\/div><div id=\"pg-344-2\"  class=\"panel-grid panel-no-style\" ><div id=\"pgc-344-2-0\"  class=\"panel-grid-cell\" ><div id=\"panel-344-2-0-0\" class=\"so-panel widget widget_black-studio-tinymce widget_black_studio_tinymce panel-first-child panel-last-child\" data-index=\"3\" ><div class=\"textwidget\"><div style=\"text-align: center; border: 1px solid #C3C3C3; width: 300px; font-size: 100%; height: 300px; display: inline-block; vertical-align: top; margin-right: 30px; background-color: #fff; margin-left: 30px;\">\n<h3 style=\"font-size: 18px; font-weight: 400; margin-bottom: 15px; margin-top: 10px; color: #292e32; font-family: 'Roboto', sans-serif;\">Reclamaciones<\/h3>\n<p style=\"color: #7e7e7e; font-weight: 300; padding-left: 20px; padding-right: 20px; margin-bottom: 30px;\">\n<div>\n<p> \tResponsabilidad civil.<br \/>\n \tImpagados.<br \/>\n \tDesahucios.<br \/>\n \tReclamaciones de deudas.<br \/>\n \tMorosos.<br \/>\n \tEmbargos.<br \/>\n Indemnizaciones.<br \/>\n \tDefectos de construcci\u00f3n.<br \/>\n \tTercer\u00eda de dominio.<\/p>\n<\/div>\n<\/div>\n<\/div><\/div><\/div><div id=\"pgc-344-2-1\"  class=\"panel-grid-cell\" ><div id=\"panel-344-2-1-0\" class=\"so-panel widget widget_black-studio-tinymce widget_black_studio_tinymce panel-first-child panel-last-child\" data-index=\"4\" ><div class=\"textwidget\"><div style=\"text-align: center; border: 1px solid #C3C3C3; width: 300px; font-size: 100%; height: 300px; display: inline-block; vertical-align: top; margin-right: 30px; background-color: #fff; margin-left: 30px;\">\n<h3 style=\"font-size: 18px; font-weight: 400; margin-bottom: 15px; margin-top: 10px; color: #292e32; font-family: 'Roboto', sans-serif;\">Accidentes de tr\u00e1fico<\/h3>\n<p style=\"color: #7e7e7e; font-weight: 300; padding-left: 20px; padding-right: 20px; margin-bottom: 30px;\">\n<div>\n<p> \tDemandas civiles.<br \/>\nDenuncias penales.<br \/>\nNegociaci\u00f3n con compa\u00f1\u00edas.<\/p>\n<\/div>\n<\/div>\n<\/div><\/div><\/div><\/div><div id=\"pg-344-3\"  class=\"panel-grid panel-no-style\" ><div id=\"pgc-344-3-0\"  class=\"panel-grid-cell\" ><div id=\"panel-344-3-0-0\" class=\"so-panel widget widget_black-studio-tinymce widget_black_studio_tinymce panel-first-child panel-last-child\" data-index=\"5\" ><div class=\"textwidget\"><div style=\"text-align: center; border: 1px solid #C3C3C3; width: 300px; font-size: 100%; height: 300px; display: inline-block; vertical-align: top; margin-right: 30px; background-color: #fff; margin-left: 30px;\">\n<h3 style=\"font-size: 18px; font-weight: 400; margin-bottom: 15px; margin-top: 10px; color: #292e32; font-family: 'Roboto', sans-serif;\">Derecho de familia<\/h3>\n<p style=\"color: #7e7e7e; font-weight: 300; padding-left: 20px; padding-right: 20px; margin-bottom: 30px;\">\n<div>\n<p> \tSeparaciones y divorcios.<br \/>\nImpagos de pensiones.<br \/>\nModificaci\u00f3n de convenios.<br \/>\nCustodia de menores.<\/p>\n<\/div>\n<\/div>\n<\/div><\/div><\/div><div id=\"pgc-344-3-1\"  class=\"panel-grid-cell\" ><div id=\"panel-344-3-1-0\" class=\"so-panel widget widget_black-studio-tinymce widget_black_studio_tinymce panel-first-child panel-last-child\" data-index=\"6\" ><div class=\"textwidget\"><div style=\"text-align: center; border: 1px solid #C3C3C3; width: 300px; font-size: 100%; height: 300px; display: inline-block; vertical-align: top; margin-right: 30px; background-color: #fff; margin-left: 30px;\">\n<h3 style=\"font-size: 18px; font-weight: 400; margin-bottom: 15px; margin-top: 10px; color: #292e32; font-family: 'Roboto', sans-serif;\">Redacci\u00f3n de contratos<\/h3>\n<p style=\"color: #7e7e7e; font-weight: 300; padding-left: 20px; padding-right: 20px; margin-bottom: 30px;\">\n<div>\n<p> \tContratos de alquiler.<br \/>\nContratos de compra-venta.<br \/>\nContratos de permuta.<br \/>\nContratos laborales.<br \/>\nContratos de arras.<br \/>\nContratos de donaci\u00f3n.<\/p>\n<\/div>\n<\/div>\n<\/div><\/div><\/div><\/div><div id=\"pg-344-4\"  class=\"panel-grid panel-no-style\" ><div id=\"pgc-344-4-0\"  class=\"panel-grid-cell\" ><div id=\"panel-344-4-0-0\" class=\"so-panel widget widget_black-studio-tinymce widget_black_studio_tinymce panel-first-child panel-last-child\" data-index=\"7\" ><div class=\"textwidget\"><div style=\"text-align: center; border: 1px solid #C3C3C3; width: 300px; font-size: 100%; height: 300px; display: inline-block; vertical-align: top; margin-right: 30px; background-color: #fff; margin-left: 30px;\">\n<h3 style=\"font-size: 18px; font-weight: 400; margin-bottom: 15px; margin-top: 10px; color: #292e32; font-family: 'Roboto', sans-serif;\">Derecho mercantil<\/h3>\n<p style=\"color: #7e7e7e; font-weight: 300; padding-left: 20px; padding-right: 20px; margin-bottom: 30px;\">\n<div>\n<p> Constituci\u00f3n de Sociedades An\u00f3nimas y Limitadas.<br \/>\nConstituci\u00f3n de Sociedades Civiles<br \/>\nConstituci\u00f3n de Comunidades de Bienes.<br \/>\nRedacci\u00f3n y modificaci\u00f3n de estatutos.<\/p>\n<\/div>\n<\/div>\n<\/div><\/div><\/div><div id=\"pgc-344-4-1\"  class=\"panel-grid-cell\" ><div id=\"panel-344-4-1-0\" class=\"so-panel widget widget_black-studio-tinymce widget_black_studio_tinymce panel-first-child panel-last-child\" data-index=\"8\" ><div class=\"textwidget\"><div style=\"text-align: center; border: 1px solid #C3C3C3; width: 300px; font-size: 100%; height: 300px; display: inline-block; vertical-align: top; margin-right: 30px; background-color: #fff; margin-left: 30px;\">\n<h3 style=\"font-size: 18px; font-weight: 400; margin-bottom: 15px; margin-top: 10px; color: #292e32; font-family: 'Roboto', sans-serif;\">Derecho Tributario<\/h3>\n<p style=\"color: #7e7e7e; font-weight: 300; padding-left: 20px; padding-right: 20px; margin-bottom: 30px;\">\n<div>\n<p>Fiscalidad.<\/p>\n<\/div>\n<\/div>\n<\/div><\/div><\/div><\/div><div id=\"pg-344-5\"  class=\"panel-grid panel-no-style\" ><div id=\"pgc-344-5-0\"  class=\"panel-grid-cell\" ><div id=\"panel-344-5-0-0\" class=\"so-panel widget panel-first-child panel-last-child\" data-index=\"9\" ><\/div><\/div><\/div><\/div>","protected":false},"excerpt":{"rendered":"<p>Derecho sucesorio Declaraciones de herederos. Aceptaciones de herencias. Reclamaci\u00f3n de leg\u00edtimas. Testamentos. Divisi\u00f3n judicial de la herencia. Solicitud de \u00faltimas voluntades. Derecho laboral Accidente laborales. C.E.M.A.C. Despidos. Pensiones [&hellip;]<\/p>\n","protected":false},"author":1,"featured_media":280,"parent":0,"menu_order":0,"comment_status":"closed","ping_status":"closed","template":"","meta":{"footnotes":""},"class_list":["post-344","page","type-page","status-publish","has-post-thumbnail","hentry"],"_links":{"self":[{"href":"https:\/\/sysred.com\/index.php?rest_route=\/wp\/v2\/pages\/344","targetHints":{"allow":["GET"]}}],"collection":[{"href":"https:\/\/sysred.com\/index.php?rest_route=\/wp\/v2\/pages"}],"about":[{"href":"https:\/\/sysred.com\/index.php?rest_route=\/wp\/v2\/types\/page"}],"author":[{"embeddable":true,"href":"https:\/\/sysred.com\/index.php?rest_route=\/wp\/v2\/users\/1"}],"replies":[{"embeddable":true,"href":"https:\/\/sysred.com\/index.php?rest_route=%2Fwp%2Fv2%2Fcomments&post=344"}],"version-history":[{"count":23,"href":"https:\/\/sysred.com\/index.php?rest_route=\/wp\/v2\/pages\/344\/revisions"}],"predecessor-version":[{"id":454,"href":"https:\/\/sysred.com\/index.php?rest_route=\/wp\/v2\/pages\/344\/revisions\/454"}],"wp:featuredmedia":[{"embeddable":true,"href":"https:\/\/sysred.com\/index.php?rest_route=\/wp\/v2\/media\/280"}],"wp:attachment":[{"href":"https:\/\/sysred.com\/index.php?rest_route=%2Fwp%2Fv2%2Fmedia&parent=344"}],"curies":[{"name":"wp","href":"https:\/\/api.w.org\/{rel}","templated":true}]}}