{"id":337,"date":"2017-08-09T16:44:11","date_gmt":"2017-08-09T16:44:11","guid":{"rendered":"http:\/\/sysred.com\/?page_id=337"},"modified":"2017-08-16T11:52:32","modified_gmt":"2017-08-16T11:52:32","slug":"desarrollos-aplicativos","status":"publish","type":"page","link":"https:\/\/sysred.com\/?page_id=337","title":{"rendered":"Desarrollos Aplicativos"},"content":{"rendered":"<div id=\"pl-337\"  class=\"panel-layout\" ><div id=\"pg-337-0\"  class=\"panel-grid panel-no-style\" ><div id=\"pgc-337-0-0\"  class=\"panel-grid-cell\" ><div id=\"panel-337-0-0-0\" class=\"so-panel widget widget_black-studio-tinymce widget_black_studio_tinymce panel-first-child\" data-index=\"0\" ><div class=\"textwidget\"><p><img decoding=\"async\" class=\"alignleft\" src=\"http:\/\/sysred.com\/wp-content\/uploads\/2017\/08\/i3.jpg\" alt=\"\" style=\"border-width: 0px;\" width=\"260\" height=\"195\" \/><span id=\"transmark\" style=\"display: none; width: 0px; height: 0px;\"><\/span>Dise\u00f1amos y desarrollamos software de calidad a medida con total garant\u00eda y soporte. Implementamos <strong>aplicaciones multiplataformas<\/strong>, con los objetivos del negocio de nuestros clientes. Disponemos de desarrollos propios, en diversas \u00e1reas de negocio, y nos especializamos en, <strong>Ingenier\u00eda de Sistemas<\/strong>, <strong>Ingenier\u00eda de Gesti\u00f3n<\/strong>, <strong>Auditorias de Seguridad<\/strong>, Soporte y Desarrollos. Si dispone de una idea o proyecto que desee implementar, consultenos, y le informaremos sobre la viabilidad del mismo. Para ello puede utilizar el formulario de la <a href=\"http:\/\/sysred.com\/?page_id=402\" rel=\"noopener\">siguiente p\u00e1gina<\/a>.<\/p>\n<\/div><\/div><div id=\"panel-337-0-0-1\" class=\"so-panel widget widget_black-studio-tinymce widget_black_studio_tinymce panel-last-child\" data-index=\"1\" ><div class=\"textwidget\"><p><img decoding=\"async\" class=\"alignright\" style=\"border-width: 0px;\" src=\"http:\/\/sysred.com\/wp-content\/uploads\/2017\/08\/Abogados.jpg\" width=\"261\" height=\"174\" \/><span id=\"transmark\" style=\"display: none; width: 0px; height: 0px;\"><\/span>SysRed, ofrece un servicio integral de consultor\u00eda llave en mano, que permite elaborar un an\u00e1lisis de la situaci\u00f3n actual de la gesti\u00f3n de activos de la empresa y a partir de un diagn\u00f3stico real, realizar la implementaci\u00f3n del software con una optimizaci\u00f3n de costes y tiempos. Si necesita ampliar informaci\u00f3n o que nos pongamos en contacto con usted, acceda a nuestra p\u00e1gina de <a href=\"http:\/\/sysred.com\/?page_id=123\">contacto<\/a>.<\/p>\n<\/div><\/div><\/div><\/div><\/div>","protected":false},"excerpt":{"rendered":"<p>Dise\u00f1amos y desarrollamos software de calidad a medida con total garant\u00eda y soporte. Implementamos aplicaciones multiplataformas, con los objetivos del negocio de nuestros clientes. Disponemos de desarrollos propios, [&hellip;]<\/p>\n","protected":false},"author":1,"featured_media":227,"parent":2,"menu_order":0,"comment_status":"closed","ping_status":"closed","template":"","meta":{"footnotes":""},"class_list":["post-337","page","type-page","status-publish","has-post-thumbnail","hentry"],"_links":{"self":[{"href":"https:\/\/sysred.com\/index.php?rest_route=\/wp\/v2\/pages\/337","targetHints":{"allow":["GET"]}}],"collection":[{"href":"https:\/\/sysred.com\/index.php?rest_route=\/wp\/v2\/pages"}],"about":[{"href":"https:\/\/sysred.com\/index.php?rest_route=\/wp\/v2\/types\/page"}],"author":[{"embeddable":true,"href":"https:\/\/sysred.com\/index.php?rest_route=\/wp\/v2\/users\/1"}],"replies":[{"embeddable":true,"href":"https:\/\/sysred.com\/index.php?rest_route=%2Fwp%2Fv2%2Fcomments&post=337"}],"version-history":[{"count":31,"href":"https:\/\/sysred.com\/index.php?rest_route=\/wp\/v2\/pages\/337\/revisions"}],"predecessor-version":[{"id":720,"href":"https:\/\/sysred.com\/index.php?rest_route=\/wp\/v2\/pages\/337\/revisions\/720"}],"up":[{"embeddable":true,"href":"https:\/\/sysred.com\/index.php?rest_route=\/wp\/v2\/pages\/2"}],"wp:featuredmedia":[{"embeddable":true,"href":"https:\/\/sysred.com\/index.php?rest_route=\/wp\/v2\/media\/227"}],"wp:attachment":[{"href":"https:\/\/sysred.com\/index.php?rest_route=%2Fwp%2Fv2%2Fmedia&parent=337"}],"curies":[{"name":"wp","href":"https:\/\/api.w.org\/{rel}","templated":true}]}}