{"id":2,"date":"2016-05-10T03:48:21","date_gmt":"2016-05-10T03:48:21","guid":{"rendered":"http:\/\/sysred.com\/?page_id=2"},"modified":"2017-08-21T14:46:22","modified_gmt":"2017-08-21T14:46:22","slug":"sample-page","status":"publish","type":"page","link":"https:\/\/sysred.com\/?page_id=2","title":{"rendered":"Servicios"},"content":{"rendered":"<div id=\"pl-2\"  class=\"panel-layout\" ><div id=\"pg-2-0\"  class=\"panel-grid panel-no-style\" ><div id=\"pgc-2-0-0\"  class=\"panel-grid-cell\" ><div id=\"panel-2-0-0-0\" class=\"widget_text so-panel widget widget_custom_html panel-first-child panel-last-child\" data-index=\"0\" ><div class=\"widget_text wow pulse panel-widget-style panel-widget-style-for-2-0-0-0\" data-wow-offset=\"10\" data-wow-iteration=\"1\" ><div class=\"textwidget custom-html-widget\"><br>\n<h1 style=\"color: #262c38; letter-spacing: 1px; text-transform: uppercase; position: relative; font-weight: 800; text-align: center;\">NUESTROS <span style=\"color: red;\">SERVICIOS<\/span><\/h1><\/div><\/div><\/div><\/div><\/div><div id=\"pg-2-1\"  class=\"panel-grid panel-has-style\" ><div class=\"siteorigin-panels-stretch panel-row-style panel-row-style-for-2-1\" data-stretch-type=\"full\" ><div id=\"pgc-2-1-0\"  class=\"panel-grid-cell\" ><div id=\"panel-2-1-0-0\" class=\"so-panel widget widget_black-studio-tinymce widget_black_studio_tinymce panel-first-child panel-last-child\" data-index=\"1\" ><div class=\"textwidget\"><div style=\"text-align: center; border: 1px solid #C3C3C3; width: 300px; font-size: 100%; height: 300px; display: inline-block; vertical-align: top; margin-right: 30px; background-color: #fff; margin-left: 30px;\">\n<p><img decoding=\"async\" style=\"border-radius: 130px; height: 130px; width: 130px;\" src=\"http:\/\/sysred.com\/wp-content\/uploads\/2017\/08\/programming.jpg\" \/><\/p>\n<h3 style=\"font-size: 18px; font-weight: 400; margin-bottom: 15px; margin-top: 10px; color: #292e32; font-family: 'Roboto', sans-serif;\">Desarrollos Propios<\/h3>\n<p style=\"color: #7e7e7e; font-weight: 300; padding-left: 20px; padding-right: 20px; margin-bottom: 30px;\">Dise\u00f1amos y desarrollamos software de calidad a medida con total garant\u00eda y soporte.<\/p>\n<p style=\"text-align: center;\"><a href=\"http:\/\/sysred.com\/?page_id=337\"><span style=\"color: #b22222;\"><span id=\"transmark\" style=\"display: none; width: 0px; height: 0px;\"><\/span>Leer mas...<\/span><\/a><\/p>\n<\/div>\n<\/div><\/div><\/div><div id=\"pgc-2-1-1\"  class=\"panel-grid-cell\" ><div id=\"panel-2-1-1-0\" class=\"so-panel widget widget_black-studio-tinymce widget_black_studio_tinymce panel-first-child panel-last-child\" data-index=\"2\" ><div class=\"textwidget\"><div style=\"text-align: center; border: 1px solid #C3C3C3; width: 300px; font-size: 100%; height: 300px; display: inline-block; vertical-align: top; margin-right: 30px; background-color: #fff; margin-left: 30px;\">\n<p><img decoding=\"async\" style=\"border-radius: 130px; height: 130px; width: 130px;\" src=\"http:\/\/sysred.com\/wp-content\/uploads\/2017\/08\/Servidor.jpg\" \/><\/p>\n<h3 style=\"font-size: 18px; font-weight: 400; margin-bottom: 15px; margin-top: 10px; color: #292e32; font-family: 'Roboto', sans-serif;\">Sistemas<\/h3>\n<p style=\"color: #7e7e7e; font-weight: 300; padding-left: 20px; padding-right: 20px; margin-bottom: 30px;\">Dise\u00f1o e implementaci\u00f3n de infraestructura de red, equipos y sistemas. Mantenimientos<br \/> cr\u00edticos, con teleasistencia.<\/p>\n<p style=\"text-align: center;\"><a href=\"http:\/\/sysred.com\/?page_id=351\"><span style=\"color: #b22222;\">Leer mas...<\/span><\/a><\/p>\n<\/div>\n<\/div><\/div><\/div><div id=\"pgc-2-1-2\"  class=\"panel-grid-cell\" ><div id=\"panel-2-1-2-0\" class=\"so-panel widget widget_black-studio-tinymce widget_black_studio_tinymce panel-first-child panel-last-child\" data-index=\"3\" ><div class=\"textwidget\"><div style=\"text-align: center; border: 1px solid #C3C3C3; width: 300px; font-size: 100%; height: 300px; display: inline-block; vertical-align: top; margin-right: 30px; background-color: #fff; margin-left: 30px;\"><img decoding=\"async\" style=\"border-radius: 130px; height: 130px; width: 130px;\" src=\"http:\/\/sysred.com\/wp-content\/uploads\/2017\/08\/voip.jpeg\" \/><\/p>\n<h3 style=\"font-size: 18px; font-weight: 400; margin-bottom: 15px; margin-top: 10px; color: #292e32; font-family: 'Roboto', sans-serif;\">Telecomunicaciones<\/h3>\n<p style=\"color: #7e7e7e; font-weight: 300; padding-left: 20px; padding-right: 20px; margin-bottom: 30px;\">Instalaci\u00f3n de centralitas voip, radiofon\u00eda y sistemas de reconocimiento vocal.<\/p>\n<p>&nbsp;<\/p>\n<p style=\"text-align: center;\"><a href=\"http:\/\/sysred.com\/?page_id=351\"><span style=\"color: #b22222;\">Leer mas...<\/span><\/a><\/p>\n<\/div>\n<\/div><\/div><\/div><\/div><\/div><div id=\"pg-2-2\"  class=\"panel-grid panel-has-style\" ><div class=\"panel-row-style panel-row-style-for-2-2\" ><div id=\"pgc-2-2-0\"  class=\"panel-grid-cell\" ><div id=\"panel-2-2-0-0\" class=\"so-panel widget widget_black-studio-tinymce widget_black_studio_tinymce panel-first-child panel-last-child\" data-index=\"4\" ><div class=\"textwidget\"><div style=\"text-align: center; border: 1px solid #C3C3C3; width: 300px; font-size: 100%; height: 320px; display: inline-block; vertical-align: top; margin-right: 30px; background-color: #fff; margin-left: 30px;\">\n<p><img decoding=\"async\" style=\"border-radius: 130px; height: 130px; width: 130px;\" src=\"http:\/\/sysred.com\/wp-content\/uploads\/2017\/08\/GIS.jpg\" \/><\/p>\n<h3 style=\"font-size: 18px; font-weight: 400; margin-bottom: 15px; margin-top: 10px; color: #292e32; font-family: 'Roboto', sans-serif;\">GIS Estad\u00edsticas<\/h3>\n<p style=\"color: #7e7e7e; font-weight: 300; padding-left: 20px; padding-right: 20px; margin-bottom: 30px;\">Ofrecemos un conjunto de servicios y soluciones para el d<span id=\"transmark\" style=\"display: none; width: 0px; height: 0px;\"><\/span>esarrollo de proyectos de car\u00e1cter geogr\u00e1fico y el an\u00e1lisis territoriales.<\/p>\n<p style=\"color: #7e7e7e; font-weight: 300; padding-left: 20px; padding-right: 20px; margin-bottom: 30px;\"><a href=\"http:\/\/sysred.com\/?page_id=346\"><span style=\"color: #b22222;\">Leer mas...<\/span><\/a><\/p>\n<\/div>\n<\/div><\/div><\/div><div id=\"pgc-2-2-1\"  class=\"panel-grid-cell\" ><div id=\"panel-2-2-1-0\" class=\"so-panel widget widget_black-studio-tinymce widget_black_studio_tinymce panel-first-child panel-last-child\" data-index=\"5\" ><div class=\"textwidget\"><div style=\"text-align: center; border: 1px solid #C3C3C3; width: 300px; font-size: 100%; height: 320px; display: inline-block; vertical-align: top; margin-right: 30px; background-color: #fff; margin-left: 30px;\">\n<p><img decoding=\"async\" style=\"border-radius: 130px; height: 130px; width: 130px;\" src=\"http:\/\/sysred.com\/wp-content\/uploads\/2017\/08\/Academia.jpg\" \/><\/p>\n<h3 style=\"font-size: 18px; font-weight: 400; margin-bottom: 15px; margin-top: 10px; color: #292e32; font-family: 'Roboto', sans-serif;\">Centro Formaci\u00f3n<\/h3>\n<p style=\"color: #7e7e7e; font-weight: 300; padding-left: 20px; padding-right: 20px; margin-bottom: 30px;\">Disponemos de nuestro propio centro de formaci\u00f3n, en software y desarrollos.<br \/>\nFormaci\u00f3n en Protecci\u00f3n de Datos y buenas pr\u00e1cticas.<\/p>\n<p style=\"text-align: center;\"><a href=\"http:\/\/sysred.com\/?page_id=385\"><span style=\"color: #b22222;\">Leer mas...<\/span><\/a><\/p>\n<\/div>\n<\/div><\/div><\/div><div id=\"pgc-2-2-2\"  class=\"panel-grid-cell\" ><div id=\"panel-2-2-2-0\" class=\"so-panel widget widget_black-studio-tinymce widget_black_studio_tinymce panel-first-child panel-last-child\" data-index=\"6\" ><div class=\"textwidget\"><div style=\"text-align: center; border: 1px solid #C3C3C3; width: 300px; font-size: 100%; height: 320px; display: inline-block; vertical-align: top; margin-right: 30px; background-color: #fff; margin-left: 30px;\"><img decoding=\"async\" style=\"border-radius: 130px; height: 130px; width: 130px;\" src=\"http:\/\/sysred.com\/wp-content\/uploads\/2017\/08\/Abogados.jpg\" \/><\/p>\n<h3 style=\"font-size: 18px; font-weight: 400; margin-bottom: 15px; margin-top: 10px; color: #292e32; font-family: 'Roboto', sans-serif;\">Servicios Jur\u00eddicos<\/h3>\n<p style=\"color: #7e7e7e; font-weight: 300; padding-left: 20px; padding-right: 20px; margin-bottom: 30px;\">Despacho de Abogados propios, para resoluci\u00f3n y asesoramiento sobre materias jur\u00eddicas en todas las especialidades inclu\u00eddo el derecho inform\u00e1tico.<\/p>\n<p style=\"text-align: center;\"><a href=\"http:\/\/sysred.com\/?page_id=344\"><span style=\"color: #b22222;\">Leer mas...<\/span><\/a><\/p>\n<\/div>\n<\/div><\/div><\/div><\/div><\/div><\/div>","protected":false},"excerpt":{"rendered":"<p>Desarrollos Propios Dise\u00f1amos y desarrollamos software de calidad a medida con total garant\u00eda y soporte. Leer mas&#8230; SistemasDise\u00f1o e implementaci\u00f3n de infraestructura de red, equipos y sistemas. Mantenimientos [&hellip;]<\/p>\n","protected":false},"author":1,"featured_media":0,"parent":0,"menu_order":0,"comment_status":"closed","ping_status":"open","template":"template-page-builder.php","meta":{"footnotes":""},"class_list":["post-2","page","type-page","status-publish","hentry"],"_links":{"self":[{"href":"https:\/\/sysred.com\/index.php?rest_route=\/wp\/v2\/pages\/2","targetHints":{"allow":["GET"]}}],"collection":[{"href":"https:\/\/sysred.com\/index.php?rest_route=\/wp\/v2\/pages"}],"about":[{"href":"https:\/\/sysred.com\/index.php?rest_route=\/wp\/v2\/types\/page"}],"author":[{"embeddable":true,"href":"https:\/\/sysred.com\/index.php?rest_route=\/wp\/v2\/users\/1"}],"replies":[{"embeddable":true,"href":"https:\/\/sysred.com\/index.php?rest_route=%2Fwp%2Fv2%2Fcomments&post=2"}],"version-history":[{"count":18,"href":"https:\/\/sysred.com\/index.php?rest_route=\/wp\/v2\/pages\/2\/revisions"}],"predecessor-version":[{"id":766,"href":"https:\/\/sysred.com\/index.php?rest_route=\/wp\/v2\/pages\/2\/revisions\/766"}],"wp:attachment":[{"href":"https:\/\/sysred.com\/index.php?rest_route=%2Fwp%2Fv2%2Fmedia&parent=2"}],"curies":[{"name":"wp","href":"https:\/\/api.w.org\/{rel}","templated":true}]}}