{"id":128,"date":"2017-08-06T01:20:12","date_gmt":"2017-08-06T01:20:12","guid":{"rendered":"http:\/\/sysred.com\/?page_id=128"},"modified":"2017-08-15T16:11:17","modified_gmt":"2017-08-15T16:11:17","slug":"syspol","status":"publish","type":"page","link":"https:\/\/sysred.com\/?page_id=128","title":{"rendered":""},"content":{"rendered":"<p><img decoding=\"async\" class=\"alignleft\" style=\"border: 0;\" src=\"http:\/\/sysred.com\/wp-content\/uploads\/2016\/05\/syspol\/SyspolLogo5.png\" width=\"410\" height=\"99\" \/><\/p>\n<p>El aplicativo <strong>SysPol<\/strong>, se configura como un entorno global de gesti\u00f3n de servicios especiales como <strong>Polic\u00eda<\/strong> <strong>Local<\/strong>, <strong>Protecci\u00f3n Civil<\/strong> o <strong>Movilidad<\/strong> <strong>Urbana<\/strong>, abarcando la gesti\u00f3n de distintos negociados anexos, <strong>manteniendo la independencia<\/strong> de los mismos tanto en el tratamiento como en la gesti\u00f3n operativa de \u00e9stos, pero integr\u00e1ndolos todos ellos en una \u00fanica plataforma y compartiendo datos comunes.<\/p>\n<p>&nbsp;<\/p>\n<p>Adem\u00e1s de ser Multinegociados, el aplicativo se configura como Multicompa\u00f1\u00edas, al gestionar diferentes \u00e1reas que se predefinan, como por ejemplo unidades de distrito, las cuales se organizan independientemente, aunque se centralizan datos de perfiles predeterminados.<\/p>\n<p><strong><em><img decoding=\"async\" class=\"alignright\" src=\"http:\/\/sysred.com\/wp-content\/uploads\/2016\/05\/Office.jpg\" \/>SysPol<\/em><\/strong><em> \u00a0<\/em>\u00a0permite a sus usuarios, la gesti\u00f3n inform\u00e1tica de los procesos organizativos, desde un solo aplicativo, manteniendo los niveles de seguridad y accesos, requeridos para una organizaci\u00f3n como puede ser Polic\u00eda local, sin requerir la instalaci\u00f3n de m\u00e1s software en los equipos de procesos, con el consiguiente ahorro de licencias y fuga de datos. Lo anterior deriva de la integraci\u00f3n en el sistema de su propio sistema ofim\u00e1tico, tanto de procesador de texto con gestor de plantillas, gesti\u00f3n de documentos (<strong>PDF<\/strong>, <strong>PNG<\/strong>, <strong>DOCX<\/strong>, <strong>DOC\u2026<\/strong>) como de ficheros, y croquis, enlazados a lo largo de todo el aplicativo mediante la gesti\u00f3n multimedia.<\/p>\n<p>Esta funcionalidad integrada es de vital importancia para la <strong>integridad y seguridad<\/strong> de los documentos guardados en el entorno, ya que evita que ficheros con los informes, fotos, y dem\u00e1s elementos contenedores, est\u00e9n circulando por la red local, con el consiguiente riesgo de p\u00e9rdida o manipulaci\u00f3n de datos sensibles. Todos los documentos utilizados en el entorno son guardados en la propia base de datos del sistema eliminando la necesidad de carpetas compartidas, y sus accesos.<\/p>\n<p><img decoding=\"async\" class=\"alignleft\" src=\"http:\/\/sysred.com\/wp-content\/uploads\/2016\/05\/syspol\/e831b5092df1063ecd0b4204e2445b97e677e0d411b213469d_1920.jpg\" width=\"305\" height=\"203\" \/>Al mismo tiempo se <strong>cumple con la normativa de la LOPD<\/strong>, quedando registrados todos los accesos, ya sea a formularios, accesos a datos de una persona o registro, visualizaci\u00f3n de un informe, impresi\u00f3n del mismo, etc.<\/p>\n<p>El apoyo de <strong><em>SysPol<\/em><\/strong> en varias aplicaciones auxiliares, desarrolladas por <strong>SysRed<\/strong> permite la integraci\u00f3n de todos los procesos de comunicaciones como <strong>Email<\/strong>, <strong>SMS<\/strong>, <strong>Fax<\/strong>, <strong>Mensajer\u00eda<\/strong>, o <strong>SDS<\/strong> desde el propio aplicativo, sin necesidad de recurrir a aplicaciones como Outlook u otras similares, que puedan dar lugar a fugas de informaci\u00f3n. Al mismo tiempo toda esta informaci\u00f3n de entrada o salida por cualquiera de los medios de comunicaci\u00f3n, tambi\u00e9n es guardada en la base de datos y auditada como en el resto del entorno.<\/p>\n<p>La integraci\u00f3n dentro de <strong>SysPol<\/strong>, de telefon\u00eda y radiofon\u00eda, permite que con una sola instalaci\u00f3n de la misma, cualquier puesto, ya sea equipo port\u00e1til, de sobremesa, Tablet o Smartphone, se convierta en un dispositivo multimedia, de atenci\u00f3n y realizaci\u00f3n de llamadas tanto de telefon\u00eda como de radiofon\u00eda (incluidos sistemas TETRA).<\/p>\n<h3 style=\"text-align: center;\"><a href=\"http:\/\/syspol.es\" target=\"_blank\" rel=\"noopener\">Mas Informaci\u00f3n en nuestro sitio web SysPol.es<\/a><\/h3>\n<div style=\"width: 50%; margin: 0 auto; text-align: center;\"><a href=\"http:\/\/syspol.es\" target=\"_blank\" rel=\"noopener\"><img decoding=\"async\" class=\"aligncenter\" src=\"http:\/\/sysred.com\/wp-content\/uploads\/2016\/05\/syspol\/SyspolLogo5.png\" width=\"277\" height=\"67\" \/><\/a><\/div>\n<p>&nbsp;<\/p>\n<p>&nbsp;<\/p>\n<p>&nbsp;<\/p>\n","protected":false},"excerpt":{"rendered":"<p>El aplicativo SysPol, se configura como un entorno global de gesti\u00f3n de servicios especiales como Polic\u00eda Local, Protecci\u00f3n Civil o Movilidad Urbana, abarcando la gesti\u00f3n de distintos negociados [&hellip;]<\/p>\n","protected":false},"author":1,"featured_media":0,"parent":0,"menu_order":0,"comment_status":"closed","ping_status":"closed","template":"","meta":{"footnotes":""},"class_list":["post-128","page","type-page","status-publish","hentry"],"_links":{"self":[{"href":"https:\/\/sysred.com\/index.php?rest_route=\/wp\/v2\/pages\/128","targetHints":{"allow":["GET"]}}],"collection":[{"href":"https:\/\/sysred.com\/index.php?rest_route=\/wp\/v2\/pages"}],"about":[{"href":"https:\/\/sysred.com\/index.php?rest_route=\/wp\/v2\/types\/page"}],"author":[{"embeddable":true,"href":"https:\/\/sysred.com\/index.php?rest_route=\/wp\/v2\/users\/1"}],"replies":[{"embeddable":true,"href":"https:\/\/sysred.com\/index.php?rest_route=%2Fwp%2Fv2%2Fcomments&post=128"}],"version-history":[{"count":6,"href":"https:\/\/sysred.com\/index.php?rest_route=\/wp\/v2\/pages\/128\/revisions"}],"predecessor-version":[{"id":644,"href":"https:\/\/sysred.com\/index.php?rest_route=\/wp\/v2\/pages\/128\/revisions\/644"}],"wp:attachment":[{"href":"https:\/\/sysred.com\/index.php?rest_route=%2Fwp%2Fv2%2Fmedia&parent=128"}],"curies":[{"name":"wp","href":"https:\/\/api.w.org\/{rel}","templated":true}]}}