{"id":121,"date":"2017-08-06T01:15:40","date_gmt":"2017-08-06T01:15:40","guid":{"rendered":"http:\/\/sysred.com\/?page_id=121"},"modified":"2017-08-16T12:04:06","modified_gmt":"2017-08-16T12:04:06","slug":"sobre-nosotros","status":"publish","type":"page","link":"https:\/\/sysred.com\/?page_id=121","title":{"rendered":"Sobre Nosotros"},"content":{"rendered":"<div id=\"pl-121\"  class=\"panel-layout\" ><div id=\"pg-121-0\"  class=\"panel-grid panel-no-style\" ><div id=\"pgc-121-0-0\"  class=\"panel-grid-cell\" ><div id=\"panel-121-0-0-0\" class=\"so-panel widget widget_black-studio-tinymce widget_black_studio_tinymce panel-first-child\" data-index=\"0\" ><div class=\"textwidget\"><h3><em>SysRed Consultor\u00eda y Desarrollos,<\/em><\/h3>\n<p><strong><img decoding=\"async\" class=\"details-image alignleft\" draggable=\"false\" src=\"http:\/\/sysred.com\/wp-content\/uploads\/slider1\/On_the_WM_Armenia_office_opening_ceremony_01-1024x768.jpeg\" alt=\"\" width=\"306\" height=\"230\" \/>se conforma<\/strong> como una empresa de desarrollo e implementaci\u00f3n de soluciones de mecanizaci\u00f3n inform\u00e1tica, integrada por un equipo humano multidisciplinar, con m\u00e1s de 30 a\u00f1os de experiencia en su sector, comprometido con las necesidades de sus clientes.<\/p>\n<p><strong>presta sus servicios<\/strong> en forma altamente personalizada, comprendiendo que cada cliente es \u00fanico, adaptando una soluci\u00f3n a la medida de cada necesidad. Somos especialistas en identificar y entender las necesidades inform\u00e1ticas de nuestros clientes para ofrecerles la mejor soluci\u00f3n integral.<\/p>\n<p><strong>centra su actividad<\/strong> en instalaciones, seguridad inform\u00e1tica, consultor\u00eda inform\u00e1tica, auditor\u00eda inform\u00e1tica, monitoreo preventivo, tercerizaci\u00f3n de servicios, virtualizaci\u00f3n, software a medida y adaptaci\u00f3n del mismo, entre otros. Disponemos de nuestro propio centro de formaci\u00f3n, para poder realizar una gesti\u00f3n integral del funcionamiento de nuestros aplicativos, gabinete jur\u00eddico en nuestras instalaciones, as\u00ed como un servicio de inform\u00e1tica forense.<span id=\"transmark\" style=\"display: none; width: 0px; height: 0px;\"><\/span><\/p>\n<\/div><\/div><div id=\"panel-121-0-0-1\" class=\"so-panel widget widget_black-studio-tinymce widget_black_studio_tinymce panel-last-child\" data-index=\"1\" ><div class=\"textwidget\"><p><strong><em>Desarrollando e instalando desde 1985<\/em><\/strong><\/p>\n<p><img decoding=\"async\" class=\"details-image alignright\" draggable=\"false\" src=\"http:\/\/sysred.com\/wp-content\/uploads\/2017\/08\/apretonmanos-1024x712.jpg\" alt=\"\" width=\"316\" height=\"220\" \/><span id=\"transmark\" style=\"display: none; width: 0px; height: 0px;\"><\/span>Hemos tenido el privilegio de contar con muchos clientes, que han requerido los servicios de <strong>SysRed<\/strong>, para los cuales se han realizado instalaciones y aplicativos de diversa \u00edndole, todos ellos orientados a satisfacer las necesidades de mecanizaci\u00f3n tanto a nivel de software como de hardware, implementaci\u00f3n y mantenimiento. Nuestros aplicativos abarcan diversas \u00e1reas <strong>comerciales<\/strong>, <strong>industriales<\/strong>, de <strong>comunicaciones<\/strong> y <strong>seguridad<\/strong>, contando entre nuestros clientes, administraciones p\u00fablicas, empresas de seguridad privada, industrias de producci\u00f3n, comercializadores de productos, universidades, \u2026<\/p>\n<\/div><\/div><\/div><\/div><\/div>","protected":false},"excerpt":{"rendered":"<p>SysRed Consultor\u00eda y Desarrollos,se conforma como una empresa de desarrollo e implementaci\u00f3n de soluciones de mecanizaci\u00f3n inform\u00e1tica, integrada por un equipo humano multidisciplinar, con m\u00e1s de 30 a\u00f1os [&hellip;]<\/p>\n","protected":false},"author":1,"featured_media":0,"parent":0,"menu_order":0,"comment_status":"closed","ping_status":"closed","template":"","meta":{"footnotes":""},"class_list":["post-121","page","type-page","status-publish","hentry"],"_links":{"self":[{"href":"https:\/\/sysred.com\/index.php?rest_route=\/wp\/v2\/pages\/121","targetHints":{"allow":["GET"]}}],"collection":[{"href":"https:\/\/sysred.com\/index.php?rest_route=\/wp\/v2\/pages"}],"about":[{"href":"https:\/\/sysred.com\/index.php?rest_route=\/wp\/v2\/types\/page"}],"author":[{"embeddable":true,"href":"https:\/\/sysred.com\/index.php?rest_route=\/wp\/v2\/users\/1"}],"replies":[{"embeddable":true,"href":"https:\/\/sysred.com\/index.php?rest_route=%2Fwp%2Fv2%2Fcomments&post=121"}],"version-history":[{"count":5,"href":"https:\/\/sysred.com\/index.php?rest_route=\/wp\/v2\/pages\/121\/revisions"}],"predecessor-version":[{"id":724,"href":"https:\/\/sysred.com\/index.php?rest_route=\/wp\/v2\/pages\/121\/revisions\/724"}],"wp:attachment":[{"href":"https:\/\/sysred.com\/index.php?rest_route=%2Fwp%2Fv2%2Fmedia&parent=121"}],"curies":[{"name":"wp","href":"https:\/\/api.w.org\/{rel}","templated":true}]}}